{"id":9739,"date":"2020-07-24T07:51:59","date_gmt":"2020-07-24T07:51:59","guid":{"rendered":"http:\/\/elementor.zozothemes.com\/wiguard\/blog-list-copy\/"},"modified":"2020-07-24T07:51:59","modified_gmt":"2020-07-24T07:51:59","slug":"blog-grid-3","status":"publish","type":"page","link":"https:\/\/sprawnydom.pl\/index.php\/blog-grid-3\/","title":{"rendered":"Blog Grid 3"},"content":{"rendered":"\t\t<div data-elementor-type=\"wp-page\" data-elementor-id=\"9739\" class=\"elementor elementor-9739\">\n\t\t\t\t\t\t<section class=\"elementor-section elementor-top-section elementor-element elementor-element-983fc41 elementor-section-boxed elementor-section-height-default elementor-section-height-default\" data-id=\"983fc41\" data-element_type=\"section\" data-e-type=\"section\">\n\t\t\t\t\t\t<div class=\"elementor-container elementor-column-gap-default\">\n\t\t\t\t\t<div class=\"elementor-column elementor-col-100 elementor-top-column elementor-element elementor-element-c072b5b\" data-id=\"c072b5b\" data-element_type=\"column\" data-e-type=\"column\">\n\t\t\t<div class=\"elementor-widget-wrap elementor-element-populated\">\n\t\t\t\t\t\t<div class=\"elementor-element elementor-element-4314169 elementor-widget elementor-widget-wiguardblog\" data-id=\"4314169\" data-element_type=\"widget\" data-e-type=\"widget\" data-widget_type=\"wiguardblog.default\">\n\t\t\t\t\r\n\t\t<div class=\"elementor-widget-container blog-wrapper blog-style-classic-pro blog-light blog-normal-model shortcode-rand-1 wiguard-inline-css\" data-css=\"&quot;.shortcode-rand-1.blog-wrapper .blog-inner .post-details-outer &gt; *:nth-child(1) { margin-bottom: 0px; }.shortcode-rand-1.blog-wrapper .blog-inner .post-details-outer &gt; *:nth-child(2) { margin-bottom: 13px; }.shortcode-rand-1.blog-wrapper .blog-inner .post-details-outer &gt; *:nth-child(3) { margin-bottom: 25px; }&quot;\">\r\n\t\t\r\n\t\t\t<div class=\"row\"><div class=\"col-lg-4 col-md-4\"><div class=\"blog-inner\"><div class=\"post-thumb\"><img fetchpriority=\"high\" decoding=\"async\" height=\"480\" width=\"600\" class=\"img-fluid\" alt=\"Alarm, czyli jak uchroni\u0107 dom przed w\u0142amaniem\" src=\"https:\/\/sprawnydom.pl\/wp-content\/uploads\/2023\/01\/Systemy-alarmowe-dla-domu-sprawny-dom-montaz-alarmow-w-Krakowie-600x480.png\"\/><\/div><!-- .post-thumb --><div class=\"post-details-outer\"><div class=\"top-meta clearfix\"><ul class=\"nav top-meta-list meta-left\"><li><div class=\"post-date\"><a href=\"https:\/\/sprawnydom.pl\/index.php\/2023\/01\/05\/\" ><i class=\"ti-calendar\"><\/i> 5 stycznia 2023<\/a><\/div><\/li><\/ul><\/div><div class=\"entry-title\"><h4 class=\"post-title-head\"><a href=\"https:\/\/sprawnydom.pl\/index.php\/2023\/01\/05\/alarm-czyli-jak-uchronic-dom-przed-wlamaniem\/\" class=\"post-title\">Alarm, czyli jak uchroni\u0107 dom przed w\u0142amaniem<\/a><\/h4><\/div><!-- .entry-title --><div class=\"post-excerpt\"><p>Chc\u0105c podnie\u015b\u0107 bezpiecze\u0144stwo naszego domu, w tym w szczeg\u00f3lno\u015bci uchroni\u0107 go przed<\/p>\n<\/div><!-- .post-excerpt --><div class=\"bottom-meta clearfix\"><ul class=\"nav bottom-meta-list meta-left\"><li><div class=\"post-more\"><a class=\"read-more\" href=\"https:\/\/sprawnydom.pl\/index.php\/2023\/01\/05\/alarm-czyli-jak-uchronic-dom-przed-wlamaniem\/\">Read More<\/a><\/div><\/li><\/ul><\/div><\/div><!-- .post-details-outer --><\/div><!-- .blog-inner --><\/div><!-- .col \/ .owl-carousel-item \/ .isotope --><div class=\"col-lg-4 col-md-4\"><div class=\"blog-inner\"><br \/>\n<b>Warning<\/b>:  Trying to access array offset on value of type bool in <b>\/home\/klient.dhosting.pl\/fiteria\/sprawnydom.pl\/public_html\/wp-content\/plugins\/wiguard-core\/inc\/aq_resizer.php<\/b> on line <b>101<\/b><br \/>\n<br \/>\n<b>Warning<\/b>:  Trying to access array offset on value of type bool in <b>\/home\/klient.dhosting.pl\/fiteria\/sprawnydom.pl\/public_html\/wp-content\/plugins\/wiguard-core\/inc\/aq_resizer.php<\/b> on line <b>102<\/b><br \/>\n<div class=\"post-thumb\"><img decoding=\"async\" height=\"415\" width=\"600\" class=\"img-fluid\" alt=\"Rekuperacja \u2013 energooszcz\u0119dne ogrzewanie dla Twojego domu\" src=\"https:\/\/sprawnydom.pl\/wp-content\/uploads\/2023\/01\/Energooszczedne-ogrzewanie-domu-rekuperacja-sprawny-dom-montaz-rekuperacji-w-Krakowie-i-okolicach-e1681252273985.png\"\/><\/div><!-- .post-thumb --><div class=\"post-details-outer\"><div class=\"top-meta clearfix\"><ul class=\"nav top-meta-list meta-left\"><li><div class=\"post-date\"><a href=\"https:\/\/sprawnydom.pl\/index.php\/2023\/01\/05\/\" ><i class=\"ti-calendar\"><\/i> 5 stycznia 2023<\/a><\/div><\/li><\/ul><\/div><div class=\"entry-title\"><h4 class=\"post-title-head\"><a href=\"https:\/\/sprawnydom.pl\/index.php\/2023\/01\/05\/rekuperacja-energooszczedne-ogrzewanie-dla-twojego-domu\/\" class=\"post-title\">Rekuperacja \u2013 energooszcz\u0119dne ogrzewanie dla Twojego domu<\/a><\/h4><\/div><!-- .entry-title --><div class=\"post-excerpt\"><p>Rekuperacja czyli wentylacja mechaniczna z odzyskiem ciep\u0142a to jedno z popularniejszych rozwi\u0105za\u0144<\/p>\n<\/div><!-- .post-excerpt --><div class=\"bottom-meta clearfix\"><ul class=\"nav bottom-meta-list meta-left\"><li><div class=\"post-more\"><a class=\"read-more\" href=\"https:\/\/sprawnydom.pl\/index.php\/2023\/01\/05\/rekuperacja-energooszczedne-ogrzewanie-dla-twojego-domu\/\">Read More<\/a><\/div><\/li><\/ul><\/div><\/div><!-- .post-details-outer --><\/div><!-- .blog-inner --><\/div><!-- .col \/ .owl-carousel-item \/ .isotope --><div class=\"col-lg-4 col-md-4\"><div class=\"blog-inner\"><div class=\"post-thumb\"><img decoding=\"async\" height=\"480\" width=\"600\" class=\"img-fluid\" alt=\"Co warto wiedzie\u0107 o klimatyzacji domu?\" src=\"https:\/\/sprawnydom.pl\/wp-content\/uploads\/2023\/01\/Klimatyzacja-dla-domu-sprawny-dom-montaz-klimatyzacji-Krakow-600x480.png\"\/><\/div><!-- .post-thumb --><div class=\"post-details-outer\"><div class=\"top-meta clearfix\"><ul class=\"nav top-meta-list meta-left\"><li><div class=\"post-date\"><a href=\"https:\/\/sprawnydom.pl\/index.php\/2023\/01\/05\/\" ><i class=\"ti-calendar\"><\/i> 5 stycznia 2023<\/a><\/div><\/li><\/ul><\/div><div class=\"entry-title\"><h4 class=\"post-title-head\"><a href=\"https:\/\/sprawnydom.pl\/index.php\/2023\/01\/05\/co-warto-wiedziec-o-klimatyzacji-domu\/\" class=\"post-title\">Co warto wiedzie\u0107 o klimatyzacji domu?<\/a><\/h4><\/div><!-- .entry-title --><div class=\"post-excerpt\"><p>Klimatyzacja to jedno z rozwi\u0105za\u0144, kt\u00f3re zyska\u0142o ogromn\u0105 popularno\u015b\u0107 zar\u00f3wno w biurach,<\/p>\n<\/div><!-- .post-excerpt --><div class=\"bottom-meta clearfix\"><ul class=\"nav bottom-meta-list meta-left\"><li><div class=\"post-more\"><a class=\"read-more\" href=\"https:\/\/sprawnydom.pl\/index.php\/2023\/01\/05\/co-warto-wiedziec-o-klimatyzacji-domu\/\">Read More<\/a><\/div><\/li><\/ul><\/div><\/div><!-- .post-details-outer --><\/div><!-- .blog-inner --><\/div><!-- .col \/ .owl-carousel-item \/ .isotope --><\/div><!-- .row -->\t\t\t\r\n\t\t<\/div>\r\n\t\t\t\t<\/div>\n\t\t\t\t\t<\/div>\n\t\t<\/div>\n\t\t\t\t\t<\/div>\n\t\t<\/section>\n\t\t\t\t<\/div>\n\t\t","protected":false},"excerpt":{"rendered":"<p>Jun 16, 2020 National Program Aids Fire Department Lorem Ipsum is simply<\/p>\n","protected":false},"author":1,"featured_media":0,"parent":0,"menu_order":0,"comment_status":"closed","ping_status":"closed","template":"","meta":{"footnotes":""},"class_list":["post-9739","page","type-page","status-publish","hentry"],"_links":{"self":[{"href":"https:\/\/sprawnydom.pl\/index.php\/wp-json\/wp\/v2\/pages\/9739","targetHints":{"allow":["GET"]}}],"collection":[{"href":"https:\/\/sprawnydom.pl\/index.php\/wp-json\/wp\/v2\/pages"}],"about":[{"href":"https:\/\/sprawnydom.pl\/index.php\/wp-json\/wp\/v2\/types\/page"}],"author":[{"embeddable":true,"href":"https:\/\/sprawnydom.pl\/index.php\/wp-json\/wp\/v2\/users\/1"}],"replies":[{"embeddable":true,"href":"https:\/\/sprawnydom.pl\/index.php\/wp-json\/wp\/v2\/comments?post=9739"}],"version-history":[{"count":0,"href":"https:\/\/sprawnydom.pl\/index.php\/wp-json\/wp\/v2\/pages\/9739\/revisions"}],"wp:attachment":[{"href":"https:\/\/sprawnydom.pl\/index.php\/wp-json\/wp\/v2\/media?parent=9739"}],"curies":[{"name":"wp","href":"https:\/\/api.w.org\/{rel}","templated":true}]}}