{"id":6521,"date":"2019-11-18T12:49:47","date_gmt":"2019-11-18T12:49:47","guid":{"rendered":"https:\/\/elementor.zozothemes.com\/wiguard\/?page_id=6521"},"modified":"2019-11-18T12:49:47","modified_gmt":"2019-11-18T12:49:47","slug":"services","status":"publish","type":"page","link":"https:\/\/sprawnydom.pl\/index.php\/services\/","title":{"rendered":"Services"},"content":{"rendered":"\t\t<div data-elementor-type=\"wp-page\" data-elementor-id=\"6521\" class=\"elementor elementor-6521\">\n\t\t\t\t\t\t<section class=\"elementor-section elementor-top-section elementor-element elementor-element-1fa0bafe elementor-section-boxed elementor-section-height-default elementor-section-height-default\" data-id=\"1fa0bafe\" data-element_type=\"section\" data-e-type=\"section\">\n\t\t\t\t\t\t<div class=\"elementor-container elementor-column-gap-default\">\n\t\t\t\t\t<div class=\"elementor-column elementor-col-100 elementor-top-column elementor-element elementor-element-efdc610\" data-id=\"efdc610\" data-element_type=\"column\" data-e-type=\"column\">\n\t\t\t<div class=\"elementor-widget-wrap elementor-element-populated\">\n\t\t\t\t\t\t<div class=\"elementor-element elementor-element-6da17a20 elementor-widget elementor-widget-wiguardservice\" data-id=\"6da17a20\" data-element_type=\"widget\" data-e-type=\"widget\" data-widget_type=\"wiguardservice.default\">\n\t\t\t\t<div class=\"elementor-widget-container\">\n\t\t\t\t\t<div class=\"service-wrapper service-modern text-center service-light shortcode-rand-1 wiguard-inline-css\" data-css=\"&quot;.shortcode-rand-1.service-wrapper .service-inner &gt; *:nth-child(1) { margin-bottom: 35px; }.shortcode-rand-1.service-wrapper .service-inner &gt; *:nth-child(2) { margin-bottom: 30px; }.shortcode-rand-1.service-wrapper .service-inner &gt; *:nth-child(3) { margin-bottom: 30px; }.shortcode-rand-1.service-wrapper .service-inner &gt; *:nth-child(4) { margin-bottom: 14px; }&quot;\"><div class=\"row\"><div class=\"col-lg-4 col-md-4\"><div class=\"service-inner\"><div class=\"service-thumb\"><img fetchpriority=\"high\" decoding=\"async\" width=\"673\" height=\"456\" src=\"https:\/\/sprawnydom.pl\/wp-content\/uploads\/2019\/04\/ih-portfolio1-1-1.jpg\" class=\"img-fluid wp-post-image\" alt=\"\" \/><\/div><!-- .service-thumb --><div class=\"service-icon-img-wrap\"><img decoding=\"async\" src=\"https:\/\/sprawnydom.pl\/wp-content\/uploads\/2020\/06\/shield-shape2-1-1.png\" class=\"img-fluid service-icon-img\" alt=\"Sieci teleinformatyczne LAN WIFI\" \/><\/div><h4 class=\"service-title\"><a href=\"https:\/\/sprawnydom.pl\/index.php\/courses\/sieci-teleinformatyczne\/\">Sieci teleinformatyczne LAN WIFI<\/a><\/h4><!-- .service-title --><div class=\"service-excerpt\"><p>Wsp\u00f3\u0142czesne sieci teleinformatyczne stanowi\u0105 istotny element infrastruktury cyfrowej, na kt\u00f3rej opiera<\/p>\n<\/div><!-- .service-excerpt --><div class=\"post-more\"><a class=\"read-more btn\" href=\"https:\/\/sprawnydom.pl\/index.php\/courses\/sieci-teleinformatyczne\/\">Read More<\/a><\/div><\/div><!-- .service-inner --><\/div><!-- .cols --><div class=\"col-lg-4 col-md-4\"><div class=\"service-inner\"><div class=\"service-thumb\"><img decoding=\"async\" width=\"768\" height=\"456\" src=\"https:\/\/sprawnydom.pl\/wp-content\/uploads\/2023\/01\/Energooszczedne-ogrzewanie-domu-rekuperacja-sprawny-dom-montaz-rekuperacji-w-Krakowie-i-okolicach-e1681252236500-768x456.png\" class=\"img-fluid wp-post-image\" alt=\"\" srcset=\"https:\/\/sprawnydom.pl\/wp-content\/uploads\/2023\/01\/Energooszczedne-ogrzewanie-domu-rekuperacja-sprawny-dom-montaz-rekuperacji-w-Krakowie-i-okolicach-e1681252236500-768x456.png 768w, https:\/\/sprawnydom.pl\/wp-content\/uploads\/2023\/01\/Energooszczedne-ogrzewanie-domu-rekuperacja-sprawny-dom-montaz-rekuperacji-w-Krakowie-i-okolicach-e1681252236500-1170x694.png 1170w\" sizes=\"(max-width: 768px) 100vw, 768px\" \/><\/div><!-- .service-thumb --><div class=\"service-icon-img-wrap\"><img decoding=\"async\" src=\"https:\/\/sprawnydom.pl\/wp-content\/uploads\/2019\/04\/klimatyzacja.png\" class=\"img-fluid service-icon-img\" alt=\"Klimatyzacja i Pompy Ciep\u0142a\" \/><\/div><h4 class=\"service-title\"><a href=\"https:\/\/sprawnydom.pl\/index.php\/courses\/klimatyzacja\/\">Klimatyzacja i Pompy Ciep\u0142a<\/a><\/h4><!-- .service-title --><div class=\"service-excerpt\"><p>Komfort codziennego funkcjonowania to niezwykle wa\u017cny element naszego \u017cycia, w ko\u0144cu<\/p>\n<\/div><!-- .service-excerpt --><div class=\"post-more\"><a class=\"read-more btn\" href=\"https:\/\/sprawnydom.pl\/index.php\/courses\/klimatyzacja\/\">Read More<\/a><\/div><\/div><!-- .service-inner --><\/div><!-- .cols --><div class=\"col-lg-4 col-md-4\"><div class=\"service-inner\"><div class=\"service-thumb\"><img decoding=\"async\" width=\"768\" height=\"456\" src=\"https:\/\/sprawnydom.pl\/wp-content\/uploads\/2019\/04\/Rekuperacja-2-768x456.jpg\" class=\"img-fluid wp-post-image\" alt=\"\" srcset=\"https:\/\/sprawnydom.pl\/wp-content\/uploads\/2019\/04\/Rekuperacja-2-768x456.jpg 768w, https:\/\/sprawnydom.pl\/wp-content\/uploads\/2019\/04\/Rekuperacja-2-1170x694.jpg 1170w\" sizes=\"(max-width: 768px) 100vw, 768px\" \/><\/div><!-- .service-thumb --><div class=\"service-icon-img-wrap\"><img decoding=\"async\" src=\"https:\/\/sprawnydom.pl\/wp-content\/uploads\/2019\/04\/rekuperacja.jpg\" class=\"img-fluid service-icon-img\" alt=\"Rekuperacja i wentylacja mechaniczna\" \/><\/div><h4 class=\"service-title\"><a href=\"https:\/\/sprawnydom.pl\/index.php\/courses\/rekuperacja\/\">Rekuperacja i wentylacja mechaniczna<\/a><\/h4><!-- .service-title --><div class=\"service-excerpt\"><p>Szukasz energooszcz\u0119dnych rozwi\u0105za\u0144, z kt\u00f3rymi zadbasz o optymalne wykorzystanie ciep\u0142a i<\/p>\n<\/div><!-- .service-excerpt --><div class=\"post-more\"><a class=\"read-more btn\" href=\"https:\/\/sprawnydom.pl\/index.php\/courses\/rekuperacja\/\">Read More<\/a><\/div><\/div><!-- .service-inner --><\/div><!-- .cols --><\/div><!-- .row --><div class=\"row\"><div class=\"col-lg-4 col-md-4\"><div class=\"service-inner\"><div class=\"service-thumb\"><img loading=\"lazy\" decoding=\"async\" width=\"768\" height=\"432\" src=\"https:\/\/sprawnydom.pl\/wp-content\/uploads\/2020\/07\/ihome-slider2.jpg\" class=\"img-fluid wp-post-image\" alt=\"\" \/><\/div><!-- .service-thumb --><div class=\"service-icon-img-wrap\"><img decoding=\"async\" src=\"https:\/\/sprawnydom.pl\/wp-content\/uploads\/2019\/04\/finger-print-1-1.png\" class=\"img-fluid service-icon-img\" alt=\"Systemy alarmowe\" \/><\/div><h4 class=\"service-title\"><a href=\"https:\/\/sprawnydom.pl\/index.php\/courses\/systemy-alarmowe\/\">Systemy alarmowe<\/a><\/h4><!-- .service-title --><div class=\"service-excerpt\"><p>Chcesz mie\u0107 pewno\u015b\u0107, \u017ce Tw\u00f3j dom jest kompleksowo chroniony? Pragniesz zadba\u0107<\/p>\n<\/div><!-- .service-excerpt --><div class=\"post-more\"><a class=\"read-more btn\" href=\"https:\/\/sprawnydom.pl\/index.php\/courses\/systemy-alarmowe\/\">Read More<\/a><\/div><\/div><!-- .service-inner --><\/div><!-- .cols --><div class=\"col-lg-4 col-md-4\"><div class=\"service-inner\"><div class=\"service-thumb\"><img loading=\"lazy\" decoding=\"async\" width=\"660\" height=\"456\" src=\"https:\/\/sprawnydom.pl\/wp-content\/uploads\/2022\/07\/wig-slider.jpg\" class=\"img-fluid wp-post-image\" alt=\"\" \/><\/div><!-- .service-thumb --><div class=\"service-icon-img-wrap\"><img decoding=\"async\" src=\"https:\/\/sprawnydom.pl\/wp-content\/uploads\/2019\/04\/cctv-1-1.png\" class=\"img-fluid service-icon-img\" alt=\"Monitoring\" \/><\/div><h4 class=\"service-title\"><a href=\"https:\/\/sprawnydom.pl\/index.php\/courses\/monitoring\/\">Monitoring<\/a><\/h4><!-- .service-title --><div class=\"service-excerpt\"><p>Bezpiecze\u0144stwo to jedna z g\u0142\u00f3wnych przyczyn, dla kt\u00f3rych poszukujesz innowacyjnych rozwi\u0105za\u0144<\/p>\n<\/div><!-- .service-excerpt --><div class=\"post-more\"><a class=\"read-more btn\" href=\"https:\/\/sprawnydom.pl\/index.php\/courses\/monitoring\/\">Read More<\/a><\/div><\/div><!-- .service-inner --><\/div><!-- .cols --><\/div><!-- .row Unexpected row close --><\/div><!-- .service-wrapper -->\t\t\t\t<\/div>\n\t\t\t\t<\/div>\n\t\t\t\t\t<\/div>\n\t\t<\/div>\n\t\t\t\t\t<\/div>\n\t\t<\/section>\n\t\t\t\t<section class=\"elementor-section elementor-top-section elementor-element elementor-element-d7fd6ff elementor-section-stretched res-bt-0 elementor-section-boxed elementor-section-height-default elementor-section-height-default\" data-id=\"d7fd6ff\" data-element_type=\"section\" data-e-type=\"section\" data-settings=\"{&quot;background_background&quot;:&quot;classic&quot;,&quot;stretch_section&quot;:&quot;section-stretched&quot;}\">\n\t\t\t\t\t\t\t<div class=\"elementor-background-overlay\"><\/div>\n\t\t\t\t\t\t\t<div class=\"elementor-container elementor-column-gap-default\">\n\t\t\t\t\t<div class=\"elementor-column elementor-col-100 elementor-top-column elementor-element elementor-element-54eef6b\" data-id=\"54eef6b\" data-element_type=\"column\" data-e-type=\"column\">\n\t\t\t<div class=\"elementor-widget-wrap elementor-element-populated\">\n\t\t\t\t\t\t<div class=\"elementor-element elementor-element-94ddbe2 elementor-widget elementor-widget-wiguardsectiontitle\" data-id=\"94ddbe2\" data-element_type=\"widget\" data-e-type=\"widget\" data-widget_type=\"wiguardsectiontitle.default\">\n\t\t\t\t<div class=\"elementor-widget-container\">\n\t\t\t\t\t<div class=\"section-title-wrapper margin-bottom-0 text-center\"><div class=\"title-wrap\"><span class=\"sub-title\">Testimonials<\/span><h2 class=\"section-title\">What Say Clients<\/h2><span class=\"title-separator separator-border theme-color-bg\"><\/span><\/div><!-- .title-wrap --><div class=\"section-description\"><\/div><!-- .section-description --><\/div><!-- .section-title-wrapper -->\t\t\t\t<\/div>\n\t\t\t\t<\/div>\n\t\t\t\t<div class=\"elementor-element elementor-element-dafb443 elementor-widget elementor-widget-wiguardtestimonial\" data-id=\"dafb443\" data-element_type=\"widget\" data-e-type=\"widget\" data-widget_type=\"wiguardtestimonial.default\">\n\t\t\t\t<div class=\"elementor-widget-container\">\n\t\t\t\t\t<div class=\"testimonial-wrapper testimonial-list text-center testimonial-light\" data-css=\"&quot;&quot;\"><div class=\"owl-carousel\" data-loop=\"0\" data-margin=\"0\" data-center=\"0\" data-nav=\"1\" data-dots=\"0\" data-autoplay=\"0\" data-items=\"1\" data-items-tab=\"1\" data-items-mob=\"1\" data-duration=\"5000\" data-smartspeed=\"250\" data-scrollby=\"1\" data-autoheight=\"false\"><div class=\"item\"><div class=\"media testimonial-list-item\"><div class=\"testimonial-thumb\"><img loading=\"lazy\" decoding=\"async\" width=\"500\" height=\"536\" src=\"https:\/\/sprawnydom.pl\/wp-content\/uploads\/2019\/07\/3_2-2.jpg\" class=\"img-fluid rounded-circle wp-post-image\" alt=\"\" \/><\/div><!-- .testimonial-thumb --><div class=\"media-body\"><div class=\"testimonial-excerpt\"><p>Ekipa Sprawny Dom zainstalowa\u0142a w moim nowym domu monitoring i alarm. Wsp\u00f3\u0142praca pocz\u0105wszy od oferty po realizacje przebieg\u0142a wzorowo. Szybka realizacja! Polecam<\/p>\n<\/div><!-- .testimonial-excerpt --><div class=\"testimonial-rating\"><p><i class=\"ti-star\"><\/i><i class=\"ti-star\"><\/i><i class=\"ti-star\"><\/i><i class=\"ti-star\"><\/i><i class=\"ti-star\"><\/i><\/p><\/div><!-- .testimonial-rating --><div class=\"testimonial-info\"><div class=\"testimonial-info-inner\"><h4><span class=\"client-name\">Kacper Zmarzli\u0144ski<\/span><\/h4><span class=\"client-designation\">Klient<\/span><\/div><\/div><!-- .testimonial-info --><\/div><!-- .media-body --><\/div><!-- .testimonial-list-item --><\/div><!-- .item --><div class=\"item\"><div class=\"media testimonial-list-item\"><div class=\"testimonial-thumb\"><img loading=\"lazy\" decoding=\"async\" width=\"300\" height=\"300\" src=\"https:\/\/sprawnydom.pl\/wp-content\/uploads\/2019\/07\/testimonial4-1-1.jpg\" class=\"img-fluid rounded-circle wp-post-image\" alt=\"\" \/><\/div><!-- .testimonial-thumb --><div class=\"media-body\"><div class=\"testimonial-excerpt\"><p>Success is no accident. It is hard work, perseverance, learning, studying, sacrifice and most of all, love of what you are doing or learning to do. perseverance, learning, studying, sacrifice and most of all, love<\/p>\n<\/div><!-- .testimonial-excerpt --><div class=\"testimonial-rating\"><p><i class=\"ti-star\"><\/i><i class=\"ti-star\"><\/i><i class=\"ti-star\"><\/i><i class=\"ti-star\"><\/i><i class=\"ti-star\"><\/i><\/p><\/div><!-- .testimonial-rating --><div class=\"testimonial-info\"><div class=\"testimonial-info-inner\"><h4><span class=\"client-name\">Liya<\/span><\/h4><span class=\"client-designation\">Finance Manager<\/span><\/div><\/div><!-- .testimonial-info --><\/div><!-- .media-body --><\/div><!-- .testimonial-list-item --><\/div><!-- .item --><div class=\"item\"><div class=\"media testimonial-list-item\"><div class=\"testimonial-thumb\"><img loading=\"lazy\" decoding=\"async\" width=\"300\" height=\"300\" src=\"https:\/\/sprawnydom.pl\/wp-content\/uploads\/2019\/07\/testimonial5-1-1.jpg\" class=\"img-fluid rounded-circle wp-post-image\" alt=\"\" \/><\/div><!-- .testimonial-thumb --><div class=\"media-body\"><div class=\"testimonial-excerpt\"><p>Success is no accident. It is hard work, perseverance, learning, studying, sacrifice and most of all, love of what you are doing or learning to do. perseverance, learning, studying, sacrifice and most of all, love<\/p>\n<\/div><!-- .testimonial-excerpt --><div class=\"testimonial-rating\"><p><i class=\"ti-star\"><\/i><i class=\"ti-star\"><\/i><i class=\"ti-star\"><\/i><i class=\"ti-star\"><\/i><i class=\"ti-star\"><\/i><\/p><\/div><!-- .testimonial-rating --><div class=\"testimonial-info\"><div class=\"testimonial-info-inner\"><h4><span class=\"client-name\">Kane Williamson<\/span><\/h4><span class=\"client-designation\">Manager<\/span><\/div><\/div><!-- .testimonial-info --><\/div><!-- .media-body --><\/div><!-- .testimonial-list-item --><\/div><!-- .item --><\/div><!-- .owl-carousel --><\/div><!-- .testimonial-wrapper -->\t\t\t\t<\/div>\n\t\t\t\t<\/div>\n\t\t\t\t\t<\/div>\n\t\t<\/div>\n\t\t\t\t\t<\/div>\n\t\t<\/section>\n\t\t\t\t<section class=\"elementor-section elementor-top-section elementor-element elementor-element-4bde28a8 elementor-section-boxed elementor-section-height-default elementor-section-height-default\" data-id=\"4bde28a8\" data-element_type=\"section\" data-e-type=\"section\">\n\t\t\t\t\t\t<div class=\"elementor-container elementor-column-gap-default\">\n\t\t\t\t\t<div class=\"elementor-column elementor-col-100 elementor-top-column elementor-element elementor-element-6de90b62\" data-id=\"6de90b62\" data-element_type=\"column\" data-e-type=\"column\">\n\t\t\t<div class=\"elementor-widget-wrap elementor-element-populated\">\n\t\t\t\t\t\t<div class=\"elementor-element elementor-element-70bc1f04 elementor-widget elementor-widget-wiguardsectiontitle\" data-id=\"70bc1f04\" data-element_type=\"widget\" data-e-type=\"widget\" data-widget_type=\"wiguardsectiontitle.default\">\n\t\t\t\t<div class=\"elementor-widget-container\">\n\t\t\t\t\t<div class=\"section-title-wrapper text-center\"><div class=\"title-wrap\"><span class=\"sub-title\">Packages<\/span><h2 class=\"section-title\">Our Pricing Plans<\/h2><span class=\"title-separator separator-border theme-color-bg\"><\/span><\/div><!-- .title-wrap --><div class=\"section-description\"><\/div><!-- .section-description --><\/div><!-- .section-title-wrapper -->\t\t\t\t<\/div>\n\t\t\t\t<\/div>\n\t\t\t\t<section class=\"elementor-section elementor-inner-section elementor-element elementor-element-34cd57b1 elementor-section-boxed elementor-section-height-default elementor-section-height-default\" data-id=\"34cd57b1\" data-element_type=\"section\" data-e-type=\"section\">\n\t\t\t\t\t\t<div class=\"elementor-container elementor-column-gap-default\">\n\t\t\t\t\t<div class=\"elementor-column elementor-col-33 elementor-inner-column elementor-element elementor-element-2c92fb84\" data-id=\"2c92fb84\" data-element_type=\"column\" data-e-type=\"column\">\n\t\t\t<div class=\"elementor-widget-wrap elementor-element-populated\">\n\t\t\t\t\t\t<div class=\"elementor-element elementor-element-705dd9bd elementor-widget elementor-widget-wiguardpricingtable\" data-id=\"705dd9bd\" data-element_type=\"widget\" data-e-type=\"widget\" data-widget_type=\"wiguardpricingtable.default\">\n\t\t\t\t<div class=\"elementor-widget-container\">\n\t\t\t\t\t<div class=\"pricing-table-wrapper pricing-style-2 text-center\"><div class=\"pricing-inner-wrapper\"><div class=\"pricing-table-head\"><h3 class=\"pricing-title\">Standard<\/h3><\/div><!-- .pricing-table-head --><div class=\"pricing-image\"><img loading=\"lazy\" decoding=\"async\" class=\"img-fluid m-auto d-block\" src=\"https:\/\/sprawnydom.pl\/wp-content\/uploads\/2020\/06\/shield-shape1-1-1.png\" width=\"80\" height=\"80\" alt=\"\" \/><\/div><!-- .pricing-image --><div class=\"pricing-table-info\"><div class=\"price-text\"><p>$69<\/p><\/div><!-- .price-text --><div class=\"price-after\"><p>per month<\/p><\/div><!-- .price-after --><\/div><!-- .pricing-table-info --><div class=\"pricing-table-body\"><ul class=\"pricing-features-list list-group\"><li class=\"list-group-item\">Fixed Network Cameras<\/li><li class=\"list-group-item\">Dome IP Cameras<\/li><li class=\"list-group-item\">HDTV\/Megapixel Cameras<\/li><li class=\"list-group-item feature-inactive\">Thermal Network Cameras<\/li><li class=\"list-group-item feature-inactive\">Outdoor CCTV Cameras<\/li><\/ul><\/div><!-- .pricing-table-body --><div class=\"pricing-table-foot\"><a href=\"#\" class=\"btn btn-default mt-2\">Get Started<\/a><\/div><!-- .pricing-table-foot --><\/div><!-- .pricing-inner-wrapper --><\/div><!-- .pricing-table-wrapper -->\t\t\t\t<\/div>\n\t\t\t\t<\/div>\n\t\t\t\t\t<\/div>\n\t\t<\/div>\n\t\t\t\t<div class=\"elementor-column elementor-col-33 elementor-inner-column elementor-element elementor-element-39b0da1c\" data-id=\"39b0da1c\" data-element_type=\"column\" data-e-type=\"column\">\n\t\t\t<div class=\"elementor-widget-wrap elementor-element-populated\">\n\t\t\t\t\t\t<div class=\"elementor-element elementor-element-4111da8 elementor-widget elementor-widget-wiguardpricingtable\" data-id=\"4111da8\" data-element_type=\"widget\" data-e-type=\"widget\" data-widget_type=\"wiguardpricingtable.default\">\n\t\t\t\t<div class=\"elementor-widget-container\">\n\t\t\t\t\t<div class=\"pricing-table-wrapper pricing-style-2 text-center\"><div class=\"pricing-inner-wrapper\"><div class=\"pricing-table-head\"><h3 class=\"pricing-title\">Business<\/h3><\/div><!-- .pricing-table-head --><div class=\"pricing-image\"><img loading=\"lazy\" decoding=\"async\" class=\"img-fluid m-auto d-block\" src=\"https:\/\/sprawnydom.pl\/wp-content\/uploads\/2020\/06\/shield-shape-1-1.png\" width=\"80\" height=\"80\" alt=\"\" \/><\/div><!-- .pricing-image --><div class=\"pricing-table-info\"><div class=\"price-text\"><p>$79<\/p><\/div><!-- .price-text --><div class=\"price-after\"><p>per month<\/p><\/div><!-- .price-after --><\/div><!-- .pricing-table-info --><div class=\"pricing-table-body\"><ul class=\"pricing-features-list list-group\"><li class=\"list-group-item\">Fixed Network Cameras<\/li><li class=\"list-group-item\">Dome IP Cameras<\/li><li class=\"list-group-item\">HDTV\/Megapixel Cameras<\/li><li class=\"list-group-item\">Thermal Network Cameras<\/li><li class=\"list-group-item feature-inactive\">Outdoor CCTV Cameras<\/li><\/ul><\/div><!-- .pricing-table-body --><div class=\"pricing-table-foot\"><a href=\"#\" class=\"btn btn-default mt-2\">Get Started<\/a><\/div><!-- .pricing-table-foot --><\/div><!-- .pricing-inner-wrapper --><\/div><!-- .pricing-table-wrapper -->\t\t\t\t<\/div>\n\t\t\t\t<\/div>\n\t\t\t\t\t<\/div>\n\t\t<\/div>\n\t\t\t\t<div class=\"elementor-column elementor-col-33 elementor-inner-column elementor-element elementor-element-5a8d9118\" data-id=\"5a8d9118\" data-element_type=\"column\" data-e-type=\"column\">\n\t\t\t<div class=\"elementor-widget-wrap elementor-element-populated\">\n\t\t\t\t\t\t<div class=\"elementor-element elementor-element-d837186 elementor-widget elementor-widget-wiguardpricingtable\" data-id=\"d837186\" data-element_type=\"widget\" data-e-type=\"widget\" data-widget_type=\"wiguardpricingtable.default\">\n\t\t\t\t<div class=\"elementor-widget-container\">\n\t\t\t\t\t<div class=\"pricing-table-wrapper pricing-style-2 text-center\"><div class=\"pricing-inner-wrapper\"><div class=\"pricing-table-head\"><h3 class=\"pricing-title\">Premium<\/h3><\/div><!-- .pricing-table-head --><div class=\"pricing-image\"><img loading=\"lazy\" decoding=\"async\" class=\"img-fluid m-auto d-block\" src=\"https:\/\/sprawnydom.pl\/wp-content\/uploads\/2019\/04\/hd-network-1-1.png\" width=\"80\" height=\"80\" alt=\"\" \/><\/div><!-- .pricing-image --><div class=\"pricing-table-info\"><div class=\"price-text\"><p>$99<\/p><\/div><!-- .price-text --><div class=\"price-after\"><p>per month<\/p><\/div><!-- .price-after --><\/div><!-- .pricing-table-info --><div class=\"pricing-table-body\"><ul class=\"pricing-features-list list-group\"><li class=\"list-group-item\">Fixed Network Cameras<\/li><li class=\"list-group-item\">Dome IP Cameras<\/li><li class=\"list-group-item\">HDTV\/Megapixel Cameras<\/li><li class=\"list-group-item\">Thermal Network Cameras<\/li><li class=\"list-group-item\">Outdoor CCTV Cameras<\/li><\/ul><\/div><!-- .pricing-table-body --><div class=\"pricing-table-foot\"><a href=\"#\" class=\"btn btn-default mt-2\">Get Started<\/a><\/div><!-- .pricing-table-foot --><\/div><!-- .pricing-inner-wrapper --><\/div><!-- .pricing-table-wrapper -->\t\t\t\t<\/div>\n\t\t\t\t<\/div>\n\t\t\t\t\t<\/div>\n\t\t<\/div>\n\t\t\t\t\t<\/div>\n\t\t<\/section>\n\t\t\t\t\t<\/div>\n\t\t<\/div>\n\t\t\t\t\t<\/div>\n\t\t<\/section>\n\t\t\t\t<\/div>\n\t\t","protected":false},"excerpt":{"rendered":"<p>Finger Print Access Lorem Ipsum is simply dummy text of the printing and typesetting Read More Closed Circuit Cameras Lorem Ipsum is simply dummy text of the printing and typesetting Read More CCTV installation Lorem<\/p>\n","protected":false},"author":1,"featured_media":0,"parent":0,"menu_order":0,"comment_status":"closed","ping_status":"closed","template":"","meta":{"footnotes":""},"class_list":["post-6521","page","type-page","status-publish","hentry"],"_links":{"self":[{"href":"https:\/\/sprawnydom.pl\/index.php\/wp-json\/wp\/v2\/pages\/6521","targetHints":{"allow":["GET"]}}],"collection":[{"href":"https:\/\/sprawnydom.pl\/index.php\/wp-json\/wp\/v2\/pages"}],"about":[{"href":"https:\/\/sprawnydom.pl\/index.php\/wp-json\/wp\/v2\/types\/page"}],"author":[{"embeddable":true,"href":"https:\/\/sprawnydom.pl\/index.php\/wp-json\/wp\/v2\/users\/1"}],"replies":[{"embeddable":true,"href":"https:\/\/sprawnydom.pl\/index.php\/wp-json\/wp\/v2\/comments?post=6521"}],"version-history":[{"count":0,"href":"https:\/\/sprawnydom.pl\/index.php\/wp-json\/wp\/v2\/pages\/6521\/revisions"}],"wp:attachment":[{"href":"https:\/\/sprawnydom.pl\/index.php\/wp-json\/wp\/v2\/media?parent=6521"}],"curies":[{"name":"wp","href":"https:\/\/api.w.org\/{rel}","templated":true}]}}