{"id":20679,"date":"2022-07-14T09:06:56","date_gmt":"2022-07-14T09:06:56","guid":{"rendered":"https:\/\/elementor.zozothemes.com\/wiguard\/blog-list-1-copy\/"},"modified":"2022-07-14T09:06:56","modified_gmt":"2022-07-14T09:06:56","slug":"blog-list-2","status":"publish","type":"page","link":"https:\/\/sprawnydom.pl\/index.php\/blog-list-2\/","title":{"rendered":"Blog List 2"},"content":{"rendered":"\t\t<div data-elementor-type=\"wp-page\" data-elementor-id=\"20679\" class=\"elementor elementor-20679\">\n\t\t\t\t\t\t<section class=\"elementor-section elementor-top-section elementor-element elementor-element-983fc41 elementor-section-stretched elementor-section-boxed elementor-section-height-default elementor-section-height-default\" data-id=\"983fc41\" data-element_type=\"section\" data-e-type=\"section\" data-settings=\"{&quot;stretch_section&quot;:&quot;section-stretched&quot;}\">\n\t\t\t\t\t\t<div class=\"elementor-container elementor-column-gap-default\">\n\t\t\t\t\t<div class=\"elementor-column elementor-col-100 elementor-top-column elementor-element elementor-element-c072b5b\" data-id=\"c072b5b\" data-element_type=\"column\" data-e-type=\"column\">\n\t\t\t<div class=\"elementor-widget-wrap elementor-element-populated\">\n\t\t\t\t\t\t<div class=\"elementor-element elementor-element-35186ae elementor-widget elementor-widget-wiguardblog\" data-id=\"35186ae\" data-element_type=\"widget\" data-e-type=\"widget\" data-widget_type=\"wiguardblog.default\">\n\t\t\t\t\r\n\t\t<div class=\"elementor-widget-container blog-wrapper blog-style-list blog-light blog-normal-model shortcode-rand-1 wiguard-inline-css\" data-css=\"&quot;.shortcode-rand-1.blog-wrapper .blog-inner .media &gt; .media-body &gt; *:nth-child(1) { margin-bottom: 12px; }.shortcode-rand-1.blog-wrapper .blog-inner .media &gt; .media-body &gt; *:nth-child(2) { margin-bottom: 15px; }&quot;\">\r\n\t\t\r\n\t\t\t<div class=\"row\"><div class=\"col-lg-12 col-md-12\"><div class=\"blog-inner\"><div class=\"media\"><div class=\"post-thumb\"><img fetchpriority=\"high\" decoding=\"async\" width=\"768\" height=\"456\" src=\"https:\/\/sprawnydom.pl\/wp-content\/uploads\/2023\/01\/Systemy-alarmowe-dla-domu-sprawny-dom-montaz-alarmow-w-Krakowie-768x456.png\" class=\"img-fluid wp-post-image\" alt=\"\" srcset=\"https:\/\/sprawnydom.pl\/wp-content\/uploads\/2023\/01\/Systemy-alarmowe-dla-domu-sprawny-dom-montaz-alarmow-w-Krakowie-768x456.png 768w, https:\/\/sprawnydom.pl\/wp-content\/uploads\/2023\/01\/Systemy-alarmowe-dla-domu-sprawny-dom-montaz-alarmow-w-Krakowie-1170x694.png 1170w\" sizes=\"(max-width: 768px) 100vw, 768px\" \/><\/div><!-- .post-thumb --><div class=\"media-body\"><div class=\"top-meta clearfix\"><ul class=\"nav top-meta-list meta-left\"><li><div class=\"post-date\"><a href=\"https:\/\/sprawnydom.pl\/index.php\/2023\/01\/05\/\" ><i class=\"ti-calendar\"><\/i> 5 stycznia 2023<\/a><\/div><\/li><\/ul><\/div><div class=\"entry-title\"><h3 class=\"post-title-head\"><a href=\"https:\/\/sprawnydom.pl\/index.php\/2023\/01\/05\/alarm-czyli-jak-uchronic-dom-przed-wlamaniem\/\" class=\"post-title\">Alarm, czyli jak uchroni\u0107 dom przed w\u0142amaniem<\/a><\/h3><\/div><!-- .entry-title --><div class=\"post-excerpt\"><p>Chc\u0105c podnie\u015b\u0107 bezpiecze\u0144stwo naszego domu, w tym w szczeg\u00f3lno\u015bci uchroni\u0107 go przed w\u0142amaniem, szukamy najr\u00f3\u017cniejszych rozwi\u0105za\u0144. Jednym z najskuteczniejszych staje si\u0119 instalacja nowoczesnej instalacji alarmowej, kt\u00f3r\u0105 mo\u017cemy zastosowa\u0107 zar\u00f3wno w budynku jednorodzinnym, mieszkaniu, jak i<\/p>\n<\/div><!-- .post-excerpt --><div class=\"bottom-meta clearfix\"><ul class=\"nav bottom-meta-list meta-left\"><li><div class=\"post-more\"><a class=\"read-more\" href=\"https:\/\/sprawnydom.pl\/index.php\/2023\/01\/05\/alarm-czyli-jak-uchronic-dom-przed-wlamaniem\/\">Read More<\/a><\/div><\/li><\/ul><\/div><\/div><!-- .media-body --><\/div><!-- .media --><\/div><!-- .blog-inner --><\/div><!-- .col \/ .owl-carousel-item \/ .isotope --><\/div><!-- .row --><div class=\"row\"><div class=\"col-lg-12 col-md-12\"><div class=\"blog-inner\"><div class=\"media\"><div class=\"post-thumb\"><img decoding=\"async\" width=\"768\" height=\"456\" src=\"https:\/\/sprawnydom.pl\/wp-content\/uploads\/2023\/01\/Energooszczedne-ogrzewanie-domu-rekuperacja-sprawny-dom-montaz-rekuperacji-w-Krakowie-i-okolicach-e1681252236500-768x456.png\" class=\"img-fluid wp-post-image\" alt=\"\" srcset=\"https:\/\/sprawnydom.pl\/wp-content\/uploads\/2023\/01\/Energooszczedne-ogrzewanie-domu-rekuperacja-sprawny-dom-montaz-rekuperacji-w-Krakowie-i-okolicach-e1681252236500-768x456.png 768w, https:\/\/sprawnydom.pl\/wp-content\/uploads\/2023\/01\/Energooszczedne-ogrzewanie-domu-rekuperacja-sprawny-dom-montaz-rekuperacji-w-Krakowie-i-okolicach-e1681252236500-1170x694.png 1170w\" sizes=\"(max-width: 768px) 100vw, 768px\" \/><\/div><!-- .post-thumb --><div class=\"media-body\"><div class=\"top-meta clearfix\"><ul class=\"nav top-meta-list meta-left\"><li><div class=\"post-date\"><a href=\"https:\/\/sprawnydom.pl\/index.php\/2023\/01\/05\/\" ><i class=\"ti-calendar\"><\/i> 5 stycznia 2023<\/a><\/div><\/li><\/ul><\/div><div class=\"entry-title\"><h3 class=\"post-title-head\"><a href=\"https:\/\/sprawnydom.pl\/index.php\/2023\/01\/05\/rekuperacja-energooszczedne-ogrzewanie-dla-twojego-domu\/\" class=\"post-title\">Rekuperacja \u2013 energooszcz\u0119dne ogrzewanie dla Twojego domu<\/a><\/h3><\/div><!-- .entry-title --><div class=\"post-excerpt\"><p>Rekuperacja czyli wentylacja mechaniczna z odzyskiem ciep\u0142a to jedno z popularniejszych rozwi\u0105za\u0144 w\u015br\u00f3d ekologicznych instalacji domowych. Dzi\u0119ki niej mo\u017cemy zadba\u0107 o najwy\u017csz\u0105 jako\u015b\u0107 powietrza oraz odzyskujemy z niego ciep\u0142o zapewniaj\u0105c komfort termiczny domu. Co nale\u017cy<\/p>\n<\/div><!-- .post-excerpt --><div class=\"bottom-meta clearfix\"><ul class=\"nav bottom-meta-list meta-left\"><li><div class=\"post-more\"><a class=\"read-more\" href=\"https:\/\/sprawnydom.pl\/index.php\/2023\/01\/05\/rekuperacja-energooszczedne-ogrzewanie-dla-twojego-domu\/\">Read More<\/a><\/div><\/li><\/ul><\/div><\/div><!-- .media-body --><\/div><!-- .media --><\/div><!-- .blog-inner --><\/div><!-- .col \/ .owl-carousel-item \/ .isotope --><\/div><!-- .row --><div class=\"row\"><div class=\"col-lg-12 col-md-12\"><div class=\"blog-inner\"><div class=\"media\"><div class=\"post-thumb\"><img decoding=\"async\" width=\"768\" height=\"456\" src=\"https:\/\/sprawnydom.pl\/wp-content\/uploads\/2023\/01\/Klimatyzacja-dla-domu-sprawny-dom-montaz-klimatyzacji-Krakow-768x456.png\" class=\"img-fluid wp-post-image\" alt=\"\" srcset=\"https:\/\/sprawnydom.pl\/wp-content\/uploads\/2023\/01\/Klimatyzacja-dla-domu-sprawny-dom-montaz-klimatyzacji-Krakow-768x456.png 768w, https:\/\/sprawnydom.pl\/wp-content\/uploads\/2023\/01\/Klimatyzacja-dla-domu-sprawny-dom-montaz-klimatyzacji-Krakow-1170x694.png 1170w\" sizes=\"(max-width: 768px) 100vw, 768px\" \/><\/div><!-- .post-thumb --><div class=\"media-body\"><div class=\"top-meta clearfix\"><ul class=\"nav top-meta-list meta-left\"><li><div class=\"post-date\"><a href=\"https:\/\/sprawnydom.pl\/index.php\/2023\/01\/05\/\" ><i class=\"ti-calendar\"><\/i> 5 stycznia 2023<\/a><\/div><\/li><\/ul><\/div><div class=\"entry-title\"><h3 class=\"post-title-head\"><a href=\"https:\/\/sprawnydom.pl\/index.php\/2023\/01\/05\/co-warto-wiedziec-o-klimatyzacji-domu\/\" class=\"post-title\">Co warto wiedzie\u0107 o klimatyzacji domu?<\/a><\/h3><\/div><!-- .entry-title --><div class=\"post-excerpt\"><p>Klimatyzacja to jedno z rozwi\u0105za\u0144, kt\u00f3re zyska\u0142o ogromn\u0105 popularno\u015b\u0107 zar\u00f3wno w biurach, mieszkaniach jak i domach. Zmiany klimatyczne, kt\u00f3re wp\u0142ywaj\u0105 na wysokie temperatury w okresie letnim nie sprzyjaj\u0105 komfortowemu funkcjonowaniu, przez co systemy klimatyzacji sta\u0142y<\/p>\n<\/div><!-- .post-excerpt --><div class=\"bottom-meta clearfix\"><ul class=\"nav bottom-meta-list meta-left\"><li><div class=\"post-more\"><a class=\"read-more\" href=\"https:\/\/sprawnydom.pl\/index.php\/2023\/01\/05\/co-warto-wiedziec-o-klimatyzacji-domu\/\">Read More<\/a><\/div><\/li><\/ul><\/div><\/div><!-- .media-body --><\/div><!-- .media --><\/div><!-- .blog-inner --><\/div><!-- .col \/ .owl-carousel-item \/ .isotope --><\/div><!-- .row -->\t\t\t\r\n\t\t<\/div>\r\n\t\t\t\t<\/div>\n\t\t\t\t\t<\/div>\n\t\t<\/div>\n\t\t\t\t\t<\/div>\n\t\t<\/section>\n\t\t\t\t<\/div>\n\t\t","protected":false},"excerpt":{"rendered":"<p>Jun 16, 2020 We Need to Rent a Room For Our Party Lorem Ipsum is simply dummy text of the printing and typesetting industry. Lorem Ipsum has been the industry\u2019s standard dummy text ever since<\/p>\n","protected":false},"author":1,"featured_media":0,"parent":0,"menu_order":0,"comment_status":"closed","ping_status":"closed","template":"","meta":{"footnotes":""},"class_list":["post-20679","page","type-page","status-publish","hentry"],"_links":{"self":[{"href":"https:\/\/sprawnydom.pl\/index.php\/wp-json\/wp\/v2\/pages\/20679","targetHints":{"allow":["GET"]}}],"collection":[{"href":"https:\/\/sprawnydom.pl\/index.php\/wp-json\/wp\/v2\/pages"}],"about":[{"href":"https:\/\/sprawnydom.pl\/index.php\/wp-json\/wp\/v2\/types\/page"}],"author":[{"embeddable":true,"href":"https:\/\/sprawnydom.pl\/index.php\/wp-json\/wp\/v2\/users\/1"}],"replies":[{"embeddable":true,"href":"https:\/\/sprawnydom.pl\/index.php\/wp-json\/wp\/v2\/comments?post=20679"}],"version-history":[{"count":0,"href":"https:\/\/sprawnydom.pl\/index.php\/wp-json\/wp\/v2\/pages\/20679\/revisions"}],"wp:attachment":[{"href":"https:\/\/sprawnydom.pl\/index.php\/wp-json\/wp\/v2\/media?parent=20679"}],"curies":[{"name":"wp","href":"https:\/\/api.w.org\/{rel}","templated":true}]}}